{"id":1034,"date":"2025-10-29T15:54:01","date_gmt":"2025-10-29T14:54:01","guid":{"rendered":"https:\/\/www.wesser.ch\/privacy-policy\/"},"modified":"2026-01-22T10:48:11","modified_gmt":"2026-01-22T09:48:11","slug":"mentions-legales","status":"publish","type":"page","link":"https:\/\/wesser-wordpress-fwdfe0dgh4begbb0.switzerlandnorth-01.azurewebsites.net\/fr\/mentions-legales\/","title":{"rendered":"Mentions l\u00e9gales"},"content":{"rendered":"<div id=\"block_b1ce01a0d806de8ac03e9e185a65b501\" class=\"block-hero alignfull overflow-hidden  \">\n  <div class=\"hero__inner relative w-full\">\n    <div class=\"l-wrap\">\n      <div class=\"hero__grid grid grid-cols-1 md:grid-cols-2 lg:h-[882px] hero__content--only-title\">\n        <!-- Left Content Column -->\n        <div\n          class=\"hero__content flex flex-col order-2 md:order-1 items-stretch md:items-start justify-center pr-fluid-up-to-62 py-fluid-48-to-128 mb-0 relative z-10\">\n          <!-- Trust Indicator -->\n          \n          <!-- Main Heading -->\n                      <h1\n              class=\"hero-title wysiwyg-highlight order-1 md:order-2 text-h1 font-semibold !mt-0 !mb-4 last:!mb-0 md:!my-6 leading-110\">\n              <p>Mentions <strong>l\u00e9gales<\/strong><\/p>\n            <\/h1>\n          \n          <!-- Description -->\n          \n          <!-- CTA Buttons -->\n                  <\/div>\n\n        <!-- Right Image Column -->\n        <div\n          class=\"hero__image relative md:absolute order-1 md:order-2 right-0 top-0 bottom-0 left-0 md:left-1\/2 overflow-hidden min-h-[360px] md:w-[50vw] max-w-none -mx-6 md:mx-0\">\n                      <!-- Desktop Image -->\n                          <div class=\"hero__image-desktop hidden md:!block w-full h-full\">\n                <img decoding=\"async\" width=\"2549\" height=\"2185\" src=\"\/wp-content\/uploads\/2025\/11\/promotial-img-example.jpg\" class=\"!my-0 w-full h-full object-cover object-center skip-lazy no-lazy\" alt=\"\" fetchpriority=\"high\" loading=\"eager\" data-skip-lazy=\"1\" data-no-lazy=\"1\" srcset=\"\/wp-content\/uploads\/2025\/11\/promotial-img-example.jpg 2549w, \/wp-content\/uploads\/2025\/11\/promotial-img-example-300x257.jpg 300w, \/wp-content\/uploads\/2025\/11\/promotial-img-example-1024x878.jpg 1024w, \/wp-content\/uploads\/2025\/11\/promotial-img-example-768x658.jpg 768w, \/wp-content\/uploads\/2025\/11\/promotial-img-example-1536x1317.jpg 1536w, \/wp-content\/uploads\/2025\/11\/promotial-img-example-2048x1756.jpg 2048w\" sizes=\"(max-width: 2549px) 100vw, 2549px\" \/>              <\/div>\n            \n            <!-- Mobile Image -->\n            <div class=\"hero__image-mobile md:!hidden w-full h-full\">\n              <img decoding=\"async\" width=\"1024\" height=\"983\" src=\"\/wp-content\/uploads\/2026\/01\/girl-on-the-door-mobile-1024x983.jpg\" class=\"!my-0 w-full h-full object-cover object-center skip-lazy no-lazy\" alt=\"\" fetchpriority=\"high\" loading=\"eager\" data-skip-lazy=\"1\" data-no-lazy=\"1\" srcset=\"\/wp-content\/uploads\/2026\/01\/girl-on-the-door-mobile-1024x983.jpg 1024w, \/wp-content\/uploads\/2026\/01\/girl-on-the-door-mobile-300x288.jpg 300w, \/wp-content\/uploads\/2026\/01\/girl-on-the-door-mobile-768x737.jpg 768w, \/wp-content\/uploads\/2026\/01\/girl-on-the-door-mobile-1536x1475.jpg 1536w, \/wp-content\/uploads\/2026\/01\/girl-on-the-door-mobile-2048x1966.jpg 2048w\" sizes=\"(max-width: 1024px) 100vw, 1024px\" \/>            <\/div>\n                  <\/div>\n      <\/div>\n    <\/div>\n  <\/div>\n\n<\/div>\n\n\n      <div id=\"block_764a32546b892e40c507e2448db21f7e\" class=\"block-spacer typo-off  alignfull  \" >\n  \n  \n<style>#block_764a32546b892e40c507e2448db21f7e { height: 40px;  } @media (min-width: 768px) { #block_764a32546b892e40c507e2448db21f7e { height: 60px;  } }@media (min-width: 992px) { #block_764a32546b892e40c507e2448db21f7e { height: 80px;  } }@media (min-width: 1200px) { #block_764a32546b892e40c507e2448db21f7e { height: 90px;  } }@media (min-width: 1500px) { #block_764a32546b892e40c507e2448db21f7e { height: 100px;  } }<\/style><\/div>\n\n\n<h2 class=\"wp-block-heading\">Adresse de contact<\/h2>\n\n\n\n<p>Wesser und Partner<br>Stansstaderstrasse 88<br>6370 Stans<br>Suisse<br><a href=\"mailto:kontakt@wesser.ch\">kontakt@wesser.ch<\/a><br><a href=\"tel:41415312274\">+41 41 531 22 74<\/a><\/p>\n\n\n\n<h2 class=\"wp-block-heading\">Repr\u00e9sentant autoris\u00e9<\/h2>\n\n\n\n<p>Damian Boll, associ\u00e9 g\u00e9rant<br>Peter Renz, associ\u00e9 g\u00e9rant<\/p>\n\n\n\n<h2 class=\"wp-block-heading\">Inscription au registre du commerce<\/h2>\n\n\n\n<p>Nom de l&rsquo;entreprise enregistr\u00e9e : Wesser und Partner KMG<br>Num\u00e9ro : CHE-150.2.000.085-4<\/p>\n\n\n\n<h2 class=\"wp-block-heading\">Num\u00e9ro de TVA<\/h2>\n\n\n\n<p>CHE-106.046.389 TVA<\/p>\n\n\n\n<h2 class=\"wp-block-heading\">Exclusion de responsabilit\u00e9<\/h2>\n\n\n\n<p>L&rsquo;auteur n&rsquo;assume aucune garantie quant \u00e0 l&rsquo;exactitude, la pr\u00e9cision, l&rsquo;actualit\u00e9, la fiabilit\u00e9 et l&rsquo;exhaustivit\u00e9 du contenu des informations. L&rsquo;auteur ne saurait \u00eatre tenu pour responsable des dommages mat\u00e9riels ou immat\u00e9riels qui pourraient \u00eatre caus\u00e9s par l&rsquo;acc\u00e8s aux informations diffus\u00e9es ou par leur utilisation ou non-utilisation, par le mauvais usage de la connexion ou par des probl\u00e8mes techniques. Toutes les offres sont sans engagement. L&rsquo;auteur se r\u00e9serve express\u00e9ment le droit de modifier, de compl\u00e9ter ou de supprimer des parties de pages ou l&rsquo;ensemble de l&rsquo;offre sans avis pr\u00e9alable, ou d&rsquo;en suspendre temporairement ou d\u00e9finitivement la publication.<\/p>\n\n\n\n<h2 class=\"wp-block-heading\">Responsabilit\u00e9 concernant les liens<\/h2>\n\n\n\n<p>Les renvois et liens vers des sites web de tiers ne rel\u00e8vent pas de notre responsabilit\u00e9. Nous d\u00e9clinons toute responsabilit\u00e9 pour de tels sites web. L&rsquo;acc\u00e8s \u00e0 de tels sites et leur utilisation se font aux risques et p\u00e9rils de l&rsquo;utilisateur ou de l&rsquo;utilisatrice.<\/p>\n\n\n\n<h2 class=\"wp-block-heading\">Droits d&rsquo;auteur<\/h2>\n\n\n\n<p>Les droits d&rsquo;auteur et tous les autres droits relatifs aux contenus, images, photos ou autres fichiers figurant sur le site Internet appartiennent exclusivement \u00e0 la soci\u00e9t\u00e9 Wesser und Partner ou aux titulaires de droits sp\u00e9cialement cit\u00e9s. Pour la reproduction de tout \u00e9l\u00e9ment, l&rsquo;accord \u00e9crit des d\u00e9tenteurs des droits d&rsquo;auteur doit \u00eatre obtenu au pr\u00e9alable.<\/p>\n\n\n\n      <div id=\"block_764a32546b892e40c507e2448db21f7e\" class=\"block-spacer typo-off  alignfull  \" >\n  \n  \n<style>#block_764a32546b892e40c507e2448db21f7e { height: 40px;  } @media (min-width: 768px) { #block_764a32546b892e40c507e2448db21f7e { height: 60px;  } }@media (min-width: 992px) { #block_764a32546b892e40c507e2448db21f7e { height: 80px;  } }@media (min-width: 1200px) { #block_764a32546b892e40c507e2448db21f7e { height: 90px;  } }@media (min-width: 1500px) { #block_764a32546b892e40c507e2448db21f7e { height: 100px;  } }<\/style><\/div>","protected":false},"excerpt":{"rendered":"<p>Adresse de contact Wesser und PartnerStansstaderstrasse 886370 StansSuissekontakt@wesser.ch+41 41 531 22 74 Repr\u00e9sentant autoris\u00e9 Damian Boll, associ\u00e9 g\u00e9rantPeter Renz, associ\u00e9 g\u00e9rant Inscription au registre du commerce Nom de l&rsquo;entreprise enregistr\u00e9e : Wesser und Partner KMGNum\u00e9ro : CHE-150.2.000.085-4 Num\u00e9ro de TVA CHE-106.046.389 TVA Exclusion de responsabilit\u00e9 L&rsquo;auteur n&rsquo;assume aucune garantie quant \u00e0 l&rsquo;exactitude, la pr\u00e9cision, l&rsquo;actualit\u00e9, [&hellip;]<\/p>\n","protected":false},"author":2,"featured_media":0,"parent":0,"menu_order":0,"comment_status":"closed","ping_status":"closed","template":"","meta":{"_acf_changed":false,"footnotes":""},"class_list":["post-1034","page","type-page","status-publish",""],"acf":[],"yoast_head":"<!-- This site is optimized with the Yoast SEO plugin v27.3 - https:\/\/yoast.com\/product\/yoast-seo-wordpress\/ -->\n<title>Mentions l\u00e9gales - Wesser und Partner<\/title>\n<meta name=\"robots\" content=\"index, follow, max-snippet:-1, max-image-preview:large, max-video-preview:-1\" \/>\n<link rel=\"canonical\" href=\"https:\/\/wesser-wordpress-fwdfe0dgh4begbb0.switzerlandnorth-01.azurewebsites.net\/fr\/mentions-legales\/\" \/>\n<meta property=\"og:locale\" content=\"fr_FR\" \/>\n<meta property=\"og:type\" content=\"article\" \/>\n<meta property=\"og:title\" content=\"Mentions l\u00e9gales - Wesser und Partner\" \/>\n<meta property=\"og:description\" content=\"Adresse de contact Wesser und PartnerStansstaderstrasse 886370 StansSuissekontakt@wesser.ch+41 41 531 22 74 Repr\u00e9sentant autoris\u00e9 Damian Boll, associ\u00e9 g\u00e9rantPeter Renz, associ\u00e9 g\u00e9rant Inscription au registre du commerce Nom de l&rsquo;entreprise enregistr\u00e9e : Wesser und Partner KMGNum\u00e9ro : CHE-150.2.000.085-4 Num\u00e9ro de TVA CHE-106.046.389 TVA Exclusion de responsabilit\u00e9 L&rsquo;auteur n&rsquo;assume aucune garantie quant \u00e0 l&rsquo;exactitude, la pr\u00e9cision, l&rsquo;actualit\u00e9, [&hellip;]\" \/>\n<meta property=\"og:url\" content=\"https:\/\/wesser-wordpress-fwdfe0dgh4begbb0.switzerlandnorth-01.azurewebsites.net\/fr\/mentions-legales\/\" \/>\n<meta property=\"og:site_name\" content=\"Wesser und Partner\" \/>\n<meta property=\"article:modified_time\" content=\"2026-01-22T09:48:11+00:00\" \/>\n<meta property=\"og:image\" content=\"https:\/\/wesser-wordpress-fwdfe0dgh4begbb0.switzerlandnorth-01.azurewebsites.net\/wp-content\/uploads\/2025\/12\/hero-image-about-wesser-mobile.jpg\" \/>\n\t<meta property=\"og:image:width\" content=\"1125\" \/>\n\t<meta property=\"og:image:height\" content=\"1080\" \/>\n\t<meta property=\"og:image:type\" content=\"image\/jpeg\" \/>\n<meta name=\"twitter:card\" content=\"summary_large_image\" \/>\n<meta name=\"twitter:label1\" content=\"Dur\u00e9e de lecture estim\u00e9e\" \/>\n\t<meta name=\"twitter:data1\" content=\"2 minutes\" \/>\n<script type=\"application\/ld+json\" class=\"yoast-schema-graph\">{\"@context\":\"https:\\\/\\\/schema.org\",\"@graph\":[{\"@type\":\"WebPage\",\"@id\":\"https:\\\/\\\/wesser-wordpress-fwdfe0dgh4begbb0.switzerlandnorth-01.azurewebsites.net\\\/fr\\\/mentions-legales\\\/\",\"url\":\"https:\\\/\\\/wesser-wordpress-fwdfe0dgh4begbb0.switzerlandnorth-01.azurewebsites.net\\\/fr\\\/mentions-legales\\\/\",\"name\":\"Mentions l\u00e9gales - Wesser und Partner\",\"isPartOf\":{\"@id\":\"https:\\\/\\\/wesser-wordpress-fwdfe0dgh4begbb0.switzerlandnorth-01.azurewebsites.net\\\/fr\\\/#website\"},\"datePublished\":\"2025-10-29T14:54:01+00:00\",\"dateModified\":\"2026-01-22T09:48:11+00:00\",\"breadcrumb\":{\"@id\":\"https:\\\/\\\/wesser-wordpress-fwdfe0dgh4begbb0.switzerlandnorth-01.azurewebsites.net\\\/fr\\\/mentions-legales\\\/#breadcrumb\"},\"inLanguage\":\"fr-FR\",\"potentialAction\":[{\"@type\":\"ReadAction\",\"target\":[\"https:\\\/\\\/wesser-wordpress-fwdfe0dgh4begbb0.switzerlandnorth-01.azurewebsites.net\\\/fr\\\/mentions-legales\\\/\"]}]},{\"@type\":\"BreadcrumbList\",\"@id\":\"https:\\\/\\\/wesser-wordpress-fwdfe0dgh4begbb0.switzerlandnorth-01.azurewebsites.net\\\/fr\\\/mentions-legales\\\/#breadcrumb\",\"itemListElement\":[{\"@type\":\"ListItem\",\"position\":1,\"name\":\"Startseite\",\"item\":\"https:\\\/\\\/wesser-wordpress-fwdfe0dgh4begbb0.switzerlandnorth-01.azurewebsites.net\\\/fr\\\/\"},{\"@type\":\"ListItem\",\"position\":2,\"name\":\"Mentions l\u00e9gales\"}]},{\"@type\":\"WebSite\",\"@id\":\"https:\\\/\\\/wesser-wordpress-fwdfe0dgh4begbb0.switzerlandnorth-01.azurewebsites.net\\\/fr\\\/#website\",\"url\":\"https:\\\/\\\/wesser-wordpress-fwdfe0dgh4begbb0.switzerlandnorth-01.azurewebsites.net\\\/fr\\\/\",\"name\":\"Wesser und Partner\",\"description\":\"\",\"publisher\":{\"@id\":\"https:\\\/\\\/wesser-wordpress-fwdfe0dgh4begbb0.switzerlandnorth-01.azurewebsites.net\\\/fr\\\/#organization\"},\"potentialAction\":[{\"@type\":\"SearchAction\",\"target\":{\"@type\":\"EntryPoint\",\"urlTemplate\":\"https:\\\/\\\/wesser-wordpress-fwdfe0dgh4begbb0.switzerlandnorth-01.azurewebsites.net\\\/fr\\\/?s={search_term_string}\"},\"query-input\":{\"@type\":\"PropertyValueSpecification\",\"valueRequired\":true,\"valueName\":\"search_term_string\"}}],\"inLanguage\":\"fr-FR\"},{\"@type\":\"Organization\",\"@id\":\"https:\\\/\\\/wesser-wordpress-fwdfe0dgh4begbb0.switzerlandnorth-01.azurewebsites.net\\\/fr\\\/#organization\",\"name\":\"Wesser & Partner\",\"url\":\"https:\\\/\\\/wesser-wordpress-fwdfe0dgh4begbb0.switzerlandnorth-01.azurewebsites.net\\\/fr\\\/\",\"logo\":{\"@type\":\"ImageObject\",\"inLanguage\":\"fr-FR\",\"@id\":\"https:\\\/\\\/wesser-wordpress-fwdfe0dgh4begbb0.switzerlandnorth-01.azurewebsites.net\\\/fr\\\/#\\\/schema\\\/logo\\\/image\\\/\",\"url\":\"https:\\\/\\\/wesser-wordpress-fwdfe0dgh4begbb0.switzerlandnorth-01.azurewebsites.net\\\/wp-content\\\/uploads\\\/2026\\\/02\\\/main-logo-1.svg\",\"contentUrl\":\"https:\\\/\\\/wesser-wordpress-fwdfe0dgh4begbb0.switzerlandnorth-01.azurewebsites.net\\\/wp-content\\\/uploads\\\/2026\\\/02\\\/main-logo-1.svg\",\"width\":158,\"height\":51,\"caption\":\"Wesser & Partner\"},\"image\":{\"@id\":\"https:\\\/\\\/wesser-wordpress-fwdfe0dgh4begbb0.switzerlandnorth-01.azurewebsites.net\\\/fr\\\/#\\\/schema\\\/logo\\\/image\\\/\"}}]}<\/script>\n<!-- \/ Yoast SEO plugin. -->","yoast_head_json":{"title":"Mentions l\u00e9gales - Wesser und Partner","robots":{"index":"index","follow":"follow","max-snippet":"max-snippet:-1","max-image-preview":"max-image-preview:large","max-video-preview":"max-video-preview:-1"},"canonical":"https:\/\/wesser-wordpress-fwdfe0dgh4begbb0.switzerlandnorth-01.azurewebsites.net\/fr\/mentions-legales\/","og_locale":"fr_FR","og_type":"article","og_title":"Mentions l\u00e9gales - Wesser und Partner","og_description":"Adresse de contact Wesser und PartnerStansstaderstrasse 886370 StansSuissekontakt@wesser.ch+41 41 531 22 74 Repr\u00e9sentant autoris\u00e9 Damian Boll, associ\u00e9 g\u00e9rantPeter Renz, associ\u00e9 g\u00e9rant Inscription au registre du commerce Nom de l&rsquo;entreprise enregistr\u00e9e : Wesser und Partner KMGNum\u00e9ro : CHE-150.2.000.085-4 Num\u00e9ro de TVA CHE-106.046.389 TVA Exclusion de responsabilit\u00e9 L&rsquo;auteur n&rsquo;assume aucune garantie quant \u00e0 l&rsquo;exactitude, la pr\u00e9cision, l&rsquo;actualit\u00e9, [&hellip;]","og_url":"https:\/\/wesser-wordpress-fwdfe0dgh4begbb0.switzerlandnorth-01.azurewebsites.net\/fr\/mentions-legales\/","og_site_name":"Wesser und Partner","article_modified_time":"2026-01-22T09:48:11+00:00","og_image":[{"width":1125,"height":1080,"url":"https:\/\/wesser-wordpress-fwdfe0dgh4begbb0.switzerlandnorth-01.azurewebsites.net\/wp-content\/uploads\/2025\/12\/hero-image-about-wesser-mobile.jpg","type":"image\/jpeg"}],"twitter_card":"summary_large_image","twitter_misc":{"Dur\u00e9e de lecture estim\u00e9e":"2 minutes"},"schema":{"@context":"https:\/\/schema.org","@graph":[{"@type":"WebPage","@id":"https:\/\/wesser-wordpress-fwdfe0dgh4begbb0.switzerlandnorth-01.azurewebsites.net\/fr\/mentions-legales\/","url":"https:\/\/wesser-wordpress-fwdfe0dgh4begbb0.switzerlandnorth-01.azurewebsites.net\/fr\/mentions-legales\/","name":"Mentions l\u00e9gales - Wesser und Partner","isPartOf":{"@id":"https:\/\/wesser-wordpress-fwdfe0dgh4begbb0.switzerlandnorth-01.azurewebsites.net\/fr\/#website"},"datePublished":"2025-10-29T14:54:01+00:00","dateModified":"2026-01-22T09:48:11+00:00","breadcrumb":{"@id":"https:\/\/wesser-wordpress-fwdfe0dgh4begbb0.switzerlandnorth-01.azurewebsites.net\/fr\/mentions-legales\/#breadcrumb"},"inLanguage":"fr-FR","potentialAction":[{"@type":"ReadAction","target":["https:\/\/wesser-wordpress-fwdfe0dgh4begbb0.switzerlandnorth-01.azurewebsites.net\/fr\/mentions-legales\/"]}]},{"@type":"BreadcrumbList","@id":"https:\/\/wesser-wordpress-fwdfe0dgh4begbb0.switzerlandnorth-01.azurewebsites.net\/fr\/mentions-legales\/#breadcrumb","itemListElement":[{"@type":"ListItem","position":1,"name":"Startseite","item":"https:\/\/wesser-wordpress-fwdfe0dgh4begbb0.switzerlandnorth-01.azurewebsites.net\/fr\/"},{"@type":"ListItem","position":2,"name":"Mentions l\u00e9gales"}]},{"@type":"WebSite","@id":"https:\/\/wesser-wordpress-fwdfe0dgh4begbb0.switzerlandnorth-01.azurewebsites.net\/fr\/#website","url":"https:\/\/wesser-wordpress-fwdfe0dgh4begbb0.switzerlandnorth-01.azurewebsites.net\/fr\/","name":"Wesser und Partner","description":"","publisher":{"@id":"https:\/\/wesser-wordpress-fwdfe0dgh4begbb0.switzerlandnorth-01.azurewebsites.net\/fr\/#organization"},"potentialAction":[{"@type":"SearchAction","target":{"@type":"EntryPoint","urlTemplate":"https:\/\/wesser-wordpress-fwdfe0dgh4begbb0.switzerlandnorth-01.azurewebsites.net\/fr\/?s={search_term_string}"},"query-input":{"@type":"PropertyValueSpecification","valueRequired":true,"valueName":"search_term_string"}}],"inLanguage":"fr-FR"},{"@type":"Organization","@id":"https:\/\/wesser-wordpress-fwdfe0dgh4begbb0.switzerlandnorth-01.azurewebsites.net\/fr\/#organization","name":"Wesser & Partner","url":"https:\/\/wesser-wordpress-fwdfe0dgh4begbb0.switzerlandnorth-01.azurewebsites.net\/fr\/","logo":{"@type":"ImageObject","inLanguage":"fr-FR","@id":"https:\/\/wesser-wordpress-fwdfe0dgh4begbb0.switzerlandnorth-01.azurewebsites.net\/fr\/#\/schema\/logo\/image\/","url":"https:\/\/wesser-wordpress-fwdfe0dgh4begbb0.switzerlandnorth-01.azurewebsites.net\/wp-content\/uploads\/2026\/02\/main-logo-1.svg","contentUrl":"https:\/\/wesser-wordpress-fwdfe0dgh4begbb0.switzerlandnorth-01.azurewebsites.net\/wp-content\/uploads\/2026\/02\/main-logo-1.svg","width":158,"height":51,"caption":"Wesser & Partner"},"image":{"@id":"https:\/\/wesser-wordpress-fwdfe0dgh4begbb0.switzerlandnorth-01.azurewebsites.net\/fr\/#\/schema\/logo\/image\/"}}]}},"_links":{"self":[{"href":"https:\/\/wesser-wordpress-fwdfe0dgh4begbb0.switzerlandnorth-01.azurewebsites.net\/fr\/wp-json\/wp\/v2\/pages\/1034","targetHints":{"allow":["GET"]}}],"collection":[{"href":"https:\/\/wesser-wordpress-fwdfe0dgh4begbb0.switzerlandnorth-01.azurewebsites.net\/fr\/wp-json\/wp\/v2\/pages"}],"about":[{"href":"https:\/\/wesser-wordpress-fwdfe0dgh4begbb0.switzerlandnorth-01.azurewebsites.net\/fr\/wp-json\/wp\/v2\/types\/page"}],"author":[{"embeddable":true,"href":"https:\/\/wesser-wordpress-fwdfe0dgh4begbb0.switzerlandnorth-01.azurewebsites.net\/fr\/wp-json\/wp\/v2\/users\/2"}],"replies":[{"embeddable":true,"href":"https:\/\/wesser-wordpress-fwdfe0dgh4begbb0.switzerlandnorth-01.azurewebsites.net\/fr\/wp-json\/wp\/v2\/comments?post=1034"}],"version-history":[{"count":6,"href":"https:\/\/wesser-wordpress-fwdfe0dgh4begbb0.switzerlandnorth-01.azurewebsites.net\/fr\/wp-json\/wp\/v2\/pages\/1034\/revisions"}],"predecessor-version":[{"id":1541,"href":"https:\/\/wesser-wordpress-fwdfe0dgh4begbb0.switzerlandnorth-01.azurewebsites.net\/fr\/wp-json\/wp\/v2\/pages\/1034\/revisions\/1541"}],"wp:attachment":[{"href":"https:\/\/wesser-wordpress-fwdfe0dgh4begbb0.switzerlandnorth-01.azurewebsites.net\/fr\/wp-json\/wp\/v2\/media?parent=1034"}],"curies":[{"name":"wp","href":"https:\/\/api.w.org\/{rel}","templated":true}]}}